{"id":1376,"date":"2024-08-30T07:55:54","date_gmt":"2024-08-30T05:55:54","guid":{"rendered":"https:\/\/vuglec-breg.hr\/webshop\/?post_type=product&#038;p=1376"},"modified":"2026-01-08T14:24:36","modified_gmt":"2026-01-08T12:24:36","slug":"pinot-noir-rose-2023-075l","status":"publish","type":"product","link":"https:\/\/vuglec-breg.hr\/webshop\/product\/pinot-noir-rose-2023-075l\/","title":{"rendered":"Pinot Noir Rose 2024. 0,75L"},"content":{"rendered":"<div class=\"woocommerce-product-details__short-description\">\n<p>Rose vino od Pinot Noira Vuglec Breg odlikuje se nje\u017enom ru\u017ei\u010dastom bojom koja odmah privla\u010di pa\u017enju svojom suptilnom elegancijom. Svje\u017ee i izrazito pitko, ovo vino zra\u010di zavodljivim mirisima malina, a na nepcu donosi slojevitost okusa. Osjete se note zelenog vo\u0107a, poput svje\u017ee jabuke, koje mu daju dodatnu svje\u017einu i \u017eivost. Uravnote\u017eene kiseline pridonose njegovoj svje\u017eini, \u010dine\u0107i ga idealnim izborom za u\u017eivanje u toplijim danima ili uz laganije obroke. Ovo vino predstavlja savr\u0161enu kombinaciju vo\u0107ne razigranosti i ugla\u0111enosti.<\/p>\n<p>Poslu\u017eiti na 8-10\u00b0C.<\/p>\n<p>Alk. 11 % vol.<\/p>\n<p>&nbsp;<\/p>\n<\/div>\n","protected":false},"excerpt":{"rendered":"<p>* dostava za narud\u017ebe iznad 99,00 \u20ac je besplatna za podru\u010dje cijele RH<\/p>\n<p>* PDV ura\u010dunat u cijenu<\/p>\n","protected":false},"featured_media":1380,"template":"","meta":[],"product_brand":[],"product_cat":[36],"product_tag":[49],"class_list":{"0":"post-1376","1":"product","2":"type-product","3":"status-publish","4":"has-post-thumbnail","6":"product_cat-vina","7":"product_tag-kvalitetno-bijelo-vino","8":"product_shipping_class-fiksno","10":"first","11":"instock","12":"taxable","13":"shipping-taxable","14":"purchasable","15":"product-type-simple"},"_links":{"self":[{"href":"https:\/\/vuglec-breg.hr\/webshop\/wp-json\/wp\/v2\/product\/1376","targetHints":{"allow":["GET"]}}],"collection":[{"href":"https:\/\/vuglec-breg.hr\/webshop\/wp-json\/wp\/v2\/product"}],"about":[{"href":"https:\/\/vuglec-breg.hr\/webshop\/wp-json\/wp\/v2\/types\/product"}],"wp:featuredmedia":[{"embeddable":true,"href":"https:\/\/vuglec-breg.hr\/webshop\/wp-json\/wp\/v2\/media\/1380"}],"wp:attachment":[{"href":"https:\/\/vuglec-breg.hr\/webshop\/wp-json\/wp\/v2\/media?parent=1376"}],"wp:term":[{"taxonomy":"product_brand","embeddable":true,"href":"https:\/\/vuglec-breg.hr\/webshop\/wp-json\/wp\/v2\/product_brand?post=1376"},{"taxonomy":"product_cat","embeddable":true,"href":"https:\/\/vuglec-breg.hr\/webshop\/wp-json\/wp\/v2\/product_cat?post=1376"},{"taxonomy":"product_tag","embeddable":true,"href":"https:\/\/vuglec-breg.hr\/webshop\/wp-json\/wp\/v2\/product_tag?post=1376"}],"curies":[{"name":"wp","href":"https:\/\/api.w.org\/{rel}","templated":true}]}}