{"id":1536,"date":"2024-12-05T11:28:45","date_gmt":"2024-12-05T09:28:45","guid":{"rendered":"https:\/\/vuglec-breg.hr\/webshop\/?post_type=product&#038;p=1536"},"modified":"2026-02-24T15:05:37","modified_gmt":"2026-02-24T13:05:37","slug":"pjenusac-muskat-dry","status":"publish","type":"product","link":"https:\/\/vuglec-breg.hr\/webshop\/product\/pjenusac-muskat-dry\/","title":{"rendered":"Pjenu\u0161ac Mu\u0161kat dry 0,75L"},"content":{"rendered":"<p>Pjenu\u0161ac Mu\u0161kat o\u010darava ve\u0107 na prvi pogled svojom svijetlo \u017eutom bojom sa zlatnim odsjajem, koja nagovje\u0161tava njegovu eleganciju i svje\u017einu. Njegov bouquet odi\u0161e finim mu\u0161katnim aromama, koje donose note zrelog vo\u0107a i cvjetnih nijansi, stvaraju\u0107i delikatnu harmoniju. Na nepcu se osjeti \u017eivahnost sitnih, nje\u017enih perli, koje pru\u017eaju osvje\u017eavaju\u0107i do\u017eivljaj i dodatno nagla\u0161avaju njegovu sofisticiranu strukturu. Savr\u0161en je izbor za trenutke slavlja ili kao pratnja laganim desertima.<\/p>\n<p>Poslu\u017eiti na 6-7 \u00b0C<\/p>\n<p>Alk. 12,0 % vol<\/p>\n","protected":false},"excerpt":{"rendered":"<p>* dostava za narud\u017ebe iznad 99,00 \u20ac je besplatna za podru\u010dje cijele RH<\/p>\n<p>* PDV ura\u010dunat u cijenu<\/p>\n","protected":false},"featured_media":1539,"template":"","meta":[],"product_brand":[],"product_cat":[36],"product_tag":[46],"class_list":{"0":"post-1536","1":"product","2":"type-product","3":"status-publish","4":"has-post-thumbnail","6":"product_cat-vina","7":"product_tag-vrhunsko-pjenusavo-vino","8":"product_shipping_class-fiksno","10":"first","11":"instock","12":"taxable","13":"shipping-taxable","14":"purchasable","15":"product-type-simple"},"_links":{"self":[{"href":"https:\/\/vuglec-breg.hr\/webshop\/wp-json\/wp\/v2\/product\/1536","targetHints":{"allow":["GET"]}}],"collection":[{"href":"https:\/\/vuglec-breg.hr\/webshop\/wp-json\/wp\/v2\/product"}],"about":[{"href":"https:\/\/vuglec-breg.hr\/webshop\/wp-json\/wp\/v2\/types\/product"}],"wp:featuredmedia":[{"embeddable":true,"href":"https:\/\/vuglec-breg.hr\/webshop\/wp-json\/wp\/v2\/media\/1539"}],"wp:attachment":[{"href":"https:\/\/vuglec-breg.hr\/webshop\/wp-json\/wp\/v2\/media?parent=1536"}],"wp:term":[{"taxonomy":"product_brand","embeddable":true,"href":"https:\/\/vuglec-breg.hr\/webshop\/wp-json\/wp\/v2\/product_brand?post=1536"},{"taxonomy":"product_cat","embeddable":true,"href":"https:\/\/vuglec-breg.hr\/webshop\/wp-json\/wp\/v2\/product_cat?post=1536"},{"taxonomy":"product_tag","embeddable":true,"href":"https:\/\/vuglec-breg.hr\/webshop\/wp-json\/wp\/v2\/product_tag?post=1536"}],"curies":[{"name":"wp","href":"https:\/\/api.w.org\/{rel}","templated":true}]}}