{"id":1557,"date":"2025-02-02T18:40:30","date_gmt":"2025-02-02T16:40:30","guid":{"rendered":"https:\/\/vuglec-breg.hr\/webshop\/?post_type=product&#038;p=1557"},"modified":"2026-02-24T15:05:13","modified_gmt":"2026-02-24T13:05:13","slug":"rajnski-rizling-2020-075l-polusuho","status":"publish","type":"product","link":"https:\/\/vuglec-breg.hr\/webshop\/product\/rajnski-rizling-2020-075l-polusuho\/","title":{"rendered":"Rajnski rizling 2020. 0,75L polusuho"},"content":{"rendered":"<div class=\"woocommerce-product-details__short-description\">\n<p>Svijetlo zlatne boje, bistro i \u010disto. Nagla\u0161ene su vo\u0107ne arome i tipi\u010dan miris petroleja. Ovaj je rizling stvoren za dugo u\u017eivanje i dopast \u0107e se i onima koji ga obi\u010dno ne piju. Kiseline su nagla\u0161ene ali lijepo balansirane i harmoni\u010dne. Prepoznaje se tipi\u010dna mineralnost koja upu\u0107uje na utjecaj tla, sklad i \u010disto\u0107a kakva resi rizlinge. Naro\u010dito \u0107e dobro pristajati uz mesna jela svinjetine ili teletine i zrele sireve.<\/p>\n<p>Alk. 13 % vol.<\/p>\n<p>&nbsp;<\/p>\n<\/div>\n","protected":false},"excerpt":{"rendered":"<p>* dostava za narud\u017ebe iznad 99,00 \u20ac je besplatna za podru\u010dje cijele RH<\/p>\n<p>* PDV ura\u010dunat u cijenu<\/p>\n","protected":false},"featured_media":475,"template":"","meta":[],"product_brand":[],"product_cat":[36],"product_tag":[49],"class_list":{"0":"post-1557","1":"product","2":"type-product","3":"status-publish","4":"has-post-thumbnail","6":"product_cat-vina","7":"product_tag-kvalitetno-bijelo-vino","8":"product_shipping_class-fiksno","10":"first","11":"instock","12":"taxable","13":"shipping-taxable","14":"purchasable","15":"product-type-simple"},"_links":{"self":[{"href":"https:\/\/vuglec-breg.hr\/webshop\/wp-json\/wp\/v2\/product\/1557","targetHints":{"allow":["GET"]}}],"collection":[{"href":"https:\/\/vuglec-breg.hr\/webshop\/wp-json\/wp\/v2\/product"}],"about":[{"href":"https:\/\/vuglec-breg.hr\/webshop\/wp-json\/wp\/v2\/types\/product"}],"wp:featuredmedia":[{"embeddable":true,"href":"https:\/\/vuglec-breg.hr\/webshop\/wp-json\/wp\/v2\/media\/475"}],"wp:attachment":[{"href":"https:\/\/vuglec-breg.hr\/webshop\/wp-json\/wp\/v2\/media?parent=1557"}],"wp:term":[{"taxonomy":"product_brand","embeddable":true,"href":"https:\/\/vuglec-breg.hr\/webshop\/wp-json\/wp\/v2\/product_brand?post=1557"},{"taxonomy":"product_cat","embeddable":true,"href":"https:\/\/vuglec-breg.hr\/webshop\/wp-json\/wp\/v2\/product_cat?post=1557"},{"taxonomy":"product_tag","embeddable":true,"href":"https:\/\/vuglec-breg.hr\/webshop\/wp-json\/wp\/v2\/product_tag?post=1557"}],"curies":[{"name":"wp","href":"https:\/\/api.w.org\/{rel}","templated":true}]}}