{"id":1654,"date":"2025-10-15T12:17:18","date_gmt":"2025-10-15T10:17:18","guid":{"rendered":"https:\/\/vuglec-breg.hr\/webshop\/?post_type=product&#038;p=1654"},"modified":"2026-01-08T12:12:13","modified_gmt":"2026-01-08T10:12:13","slug":"vrecica-zagorski-bregi","status":"publish","type":"product","link":"https:\/\/vuglec-breg.hr\/webshop\/product\/vrecica-zagorski-bregi\/","title":{"rendered":"Vre\u0107ica ZAGORSKI BREGI"},"content":{"rendered":"<p>Vre\u0107ica ZAGORSKI BREGI sadr\u017ei:<\/p>\n<ul>\n<li>Zagorski Bregi 0,75L<\/li>\n<li>Sir Jura 350gr<\/li>\n<li>Srce s natpisom Vuglec Breg<\/li>\n<\/ul>\n<p>&nbsp;<\/p>\n<p>&nbsp;<\/p>\n","protected":false},"excerpt":{"rendered":"<ul>\n<li>Minimalna narud\u017eba za dostavu je 1 pakiranje<\/li>\n<li>Dostava za narud\u017ebe iznad 99,00 \u20ac je besplatna za podru\u010dje cijele RH<\/li>\n<li>Fotografije su simboli\u010dne<\/li>\n<li>PDV ura\u010dunat u cijenu<\/li>\n<\/ul>\n","protected":false},"featured_media":1655,"template":"","meta":[],"product_brand":[],"product_cat":[43],"product_tag":[46],"class_list":{"0":"post-1654","1":"product","2":"type-product","3":"status-publish","4":"has-post-thumbnail","6":"product_cat-poklon-pakiranja","7":"product_tag-vrhunsko-pjenusavo-vino","8":"product_shipping_class-besplatno","10":"first","11":"instock","12":"taxable","13":"shipping-taxable","14":"purchasable","15":"product-type-simple"},"_links":{"self":[{"href":"https:\/\/vuglec-breg.hr\/webshop\/wp-json\/wp\/v2\/product\/1654","targetHints":{"allow":["GET"]}}],"collection":[{"href":"https:\/\/vuglec-breg.hr\/webshop\/wp-json\/wp\/v2\/product"}],"about":[{"href":"https:\/\/vuglec-breg.hr\/webshop\/wp-json\/wp\/v2\/types\/product"}],"wp:featuredmedia":[{"embeddable":true,"href":"https:\/\/vuglec-breg.hr\/webshop\/wp-json\/wp\/v2\/media\/1655"}],"wp:attachment":[{"href":"https:\/\/vuglec-breg.hr\/webshop\/wp-json\/wp\/v2\/media?parent=1654"}],"wp:term":[{"taxonomy":"product_brand","embeddable":true,"href":"https:\/\/vuglec-breg.hr\/webshop\/wp-json\/wp\/v2\/product_brand?post=1654"},{"taxonomy":"product_cat","embeddable":true,"href":"https:\/\/vuglec-breg.hr\/webshop\/wp-json\/wp\/v2\/product_cat?post=1654"},{"taxonomy":"product_tag","embeddable":true,"href":"https:\/\/vuglec-breg.hr\/webshop\/wp-json\/wp\/v2\/product_tag?post=1654"}],"curies":[{"name":"wp","href":"https:\/\/api.w.org\/{rel}","templated":true}]}}