{"id":1679,"date":"2025-11-04T15:51:21","date_gmt":"2025-11-04T13:51:21","guid":{"rendered":"https:\/\/vuglec-breg.hr\/webshop\/?post_type=product&#038;p=1679"},"modified":"2026-02-24T15:04:41","modified_gmt":"2026-02-24T13:04:41","slug":"vuglec-2014-demi-sec-075l","status":"publish","type":"product","link":"https:\/\/vuglec-breg.hr\/webshop\/product\/vuglec-2014-demi-sec-075l\/","title":{"rendered":"Vuglec 2014. demi sec 0,75L"},"content":{"rendered":"<p data-start=\"121\" data-end=\"612\">Iskri\u010dav i zavodljiv, zlatno-\u017eutih tonova s finim, postojanim perlanjem. U mirisu se otvaraju bogate note zrelog ko\u0161ti\u010davog vo\u0107a, meda i lagano karameliziranih jabuka, uz suptilne naznake brio\u0161a i bademovog praha. Na drugom nosu pojavljuju se nijanse kandiranih agruma i cvjetni tonovi bagrema i akacije. U ustima je zaobljen, pun i skladan, s profinjenom slatko\u0107om koja nje\u017eno obavija nepce i nagla\u0161ava vo\u0107nost. Zavr\u0161etak je dug, kremast i elegantno svje\u017e, s ugodnim osje\u0107ajem slasti.<\/p>\n<p data-start=\"614\" data-end=\"971\">Ovaj demi sec pjenu\u0161ac savr\u0161en je izbor za blagdanske trenutke \u2013 njegovi topli, medni tonovi i zaigrane perle stvaraju ugo\u0111aj slavlja. Odli\u010dno pristaje uz lagano za\u010dinjene zalogaje, foie gras, deserte s vo\u0107em i ora\u0161astim plodovima ili jednostavno kao digestiv za kraj sve\u010dane ve\u010dere.<br data-start=\"915\" data-end=\"918\" \/>Pjenu\u0161ac koji svaku \u010da\u0161u pretvara u mali praznik.<\/p>\n<p>Poslu\u017eiti na 6-7 \u00b0C<\/p>\n<p>Alk. 12,0\u00a0% vol<\/p>\n<p>&nbsp;<\/p>\n","protected":false},"excerpt":{"rendered":"<p>* minimalna narud\u017eba za dostavu su 2 boce istog ili razli\u010ditog vina<\/p>\n<p>* dostava za narud\u017ebe iznad 99,00 \u20ac je besplatna za podru\u010dje cijele RH<\/p>\n<p>* PDV ura\u010dunat u cijenu<\/p>\n","protected":false},"featured_media":1682,"template":"","meta":[],"product_brand":[],"product_cat":[36],"product_tag":[46],"class_list":{"0":"post-1679","1":"product","2":"type-product","3":"status-publish","4":"has-post-thumbnail","6":"product_cat-vina","7":"product_tag-vrhunsko-pjenusavo-vino","8":"product_shipping_class-fiksno","10":"first","11":"instock","12":"taxable","13":"shipping-taxable","14":"purchasable","15":"product-type-simple"},"_links":{"self":[{"href":"https:\/\/vuglec-breg.hr\/webshop\/wp-json\/wp\/v2\/product\/1679","targetHints":{"allow":["GET"]}}],"collection":[{"href":"https:\/\/vuglec-breg.hr\/webshop\/wp-json\/wp\/v2\/product"}],"about":[{"href":"https:\/\/vuglec-breg.hr\/webshop\/wp-json\/wp\/v2\/types\/product"}],"wp:featuredmedia":[{"embeddable":true,"href":"https:\/\/vuglec-breg.hr\/webshop\/wp-json\/wp\/v2\/media\/1682"}],"wp:attachment":[{"href":"https:\/\/vuglec-breg.hr\/webshop\/wp-json\/wp\/v2\/media?parent=1679"}],"wp:term":[{"taxonomy":"product_brand","embeddable":true,"href":"https:\/\/vuglec-breg.hr\/webshop\/wp-json\/wp\/v2\/product_brand?post=1679"},{"taxonomy":"product_cat","embeddable":true,"href":"https:\/\/vuglec-breg.hr\/webshop\/wp-json\/wp\/v2\/product_cat?post=1679"},{"taxonomy":"product_tag","embeddable":true,"href":"https:\/\/vuglec-breg.hr\/webshop\/wp-json\/wp\/v2\/product_tag?post=1679"}],"curies":[{"name":"wp","href":"https:\/\/api.w.org\/{rel}","templated":true}]}}