{"id":348,"date":"2019-03-11T12:02:47","date_gmt":"2019-03-11T10:02:47","guid":{"rendered":"https:\/\/demo.accesspressthemes.com\/zigcy-lite\/demo-three\/?post_type=product&#038;p=348"},"modified":"2025-05-29T14:23:28","modified_gmt":"2025-05-29T12:23:28","slug":"cabernet-s-reserve","status":"publish","type":"product","link":"https:\/\/vuglec-breg.hr\/webshop\/product\/cabernet-s-reserve\/","title":{"rendered":"Pinot Noir 2023. 0,75L"},"content":{"rendered":"<div class=\"woocommerce-product-details__short-description\">\n<p>Mo\u0107no, mekano i toplo. Tamno crvene rubin boje, ekstraktno, izra\u017eene sortne arome na crni ribiz, borovnice, \u010dokoladu, nje\u017enih tanina, pun u mirisu i okusu, jake strukture i vrlo harmoni\u010dno. Odle\u017eavano preko dvije godine u hrastovim barik ba\u010dvama, zatim jo\u0161 dvije godine u buteljama.<\/p>\n<p>Odli\u010dno se sljubljuje uz ja\u010da jela od crvenog mesa, jela od divlja\u010di, zrele i aromati\u010dne sireve.<\/p>\n<p>Poslu\u017eiti na 16-18\u00b0C<\/p>\n<p>Alk. 14,5 % vol.<\/p>\n<\/div>\n","protected":false},"excerpt":{"rendered":"<p>* dostava za narud\u017ebe iznad 99,00 \u20ac je besplatna za podru\u010dje cijele RH<\/p>\n<p>* PDV ura\u010dunat u cijenu<\/p>\n","protected":false},"featured_media":1598,"template":"","meta":[],"product_brand":[],"product_cat":[36],"product_tag":[51],"class_list":{"0":"post-348","1":"product","2":"type-product","3":"status-publish","4":"has-post-thumbnail","6":"product_cat-vina","7":"product_tag-vrhunsko-crveno-vino","8":"product_shipping_class-besplatno","10":"first","11":"instock","12":"taxable","13":"shipping-taxable","14":"purchasable","15":"product-type-simple"},"_links":{"self":[{"href":"https:\/\/vuglec-breg.hr\/webshop\/wp-json\/wp\/v2\/product\/348","targetHints":{"allow":["GET"]}}],"collection":[{"href":"https:\/\/vuglec-breg.hr\/webshop\/wp-json\/wp\/v2\/product"}],"about":[{"href":"https:\/\/vuglec-breg.hr\/webshop\/wp-json\/wp\/v2\/types\/product"}],"wp:featuredmedia":[{"embeddable":true,"href":"https:\/\/vuglec-breg.hr\/webshop\/wp-json\/wp\/v2\/media\/1598"}],"wp:attachment":[{"href":"https:\/\/vuglec-breg.hr\/webshop\/wp-json\/wp\/v2\/media?parent=348"}],"wp:term":[{"taxonomy":"product_brand","embeddable":true,"href":"https:\/\/vuglec-breg.hr\/webshop\/wp-json\/wp\/v2\/product_brand?post=348"},{"taxonomy":"product_cat","embeddable":true,"href":"https:\/\/vuglec-breg.hr\/webshop\/wp-json\/wp\/v2\/product_cat?post=348"},{"taxonomy":"product_tag","embeddable":true,"href":"https:\/\/vuglec-breg.hr\/webshop\/wp-json\/wp\/v2\/product_tag?post=348"}],"curies":[{"name":"wp","href":"https:\/\/api.w.org\/{rel}","templated":true}]}}