{"id":354,"date":"2019-03-11T12:05:47","date_gmt":"2019-03-11T10:05:47","guid":{"rendered":"https:\/\/demo.accesspressthemes.com\/zigcy-lite\/demo-three\/?post_type=product&#038;p=354"},"modified":"2026-01-08T14:32:55","modified_gmt":"2026-01-08T12:32:55","slug":"sauvignon","status":"publish","type":"product","link":"https:\/\/vuglec-breg.hr\/webshop\/product\/sauvignon\/","title":{"rendered":"Sauvignon 2024. 0,75L"},"content":{"rendered":"<div class=\"woocommerce-product-details__short-description\">\n<p>Vrlo nje\u017ene \u017eute boje s nijansom slamnate, blagog intenziteta. Na nosu su lijepo o\u010duvane, \u010diste i jasne sortne karakteristike. Jedan od boljih primjera doma\u0107eg, hrvatskog stila sauvignona koji kombinira svje\u017einu, herbalnost i arome paprike s nenagla\u0161enom cvjetno\u0161\u0107u bazge. Upravo onakav kakav je u nas najcjenjeniji, nije presna\u017enoga intenziteta, ali sve se arome lijepo prepoznaju i cvjetne i herbalne note su u balansu. Nagla\u0161enije svje\u017eine, vino je koje razbu\u0111uje i idealno je za prolje\u0107e i ljeto, a upravo i takvu hranu prati; recepte s \u0161parogama, arti\u010dokama, bobom, mladim sirom, proljetne ri\u017eote i tjestenine s povr\u0107em. S ovakvom svje\u017einom odli\u010dno \u0107e se slagati i s masnijim mladim mesom, svinjetinom i janjetinom kao i masnijom slatkovodnom ribom.<\/p>\n<p>Najbolja temperatura poslu\u017eivanja 8-10 \u00b0C.<\/p>\n<p>Alk. 13,0 % Vol.<\/p>\n<\/div>\n","protected":false},"excerpt":{"rendered":"<p>* dostava za narud\u017ebe iznad 53,00 \u20ac je besplatna za podru\u010dje cijele RH<\/p>\n<p>* PDV ura\u010dunat u cijenu<\/p>\n","protected":false},"featured_media":1240,"template":"","meta":[],"product_brand":[],"product_cat":[36],"product_tag":[49],"class_list":{"0":"post-354","1":"product","2":"type-product","3":"status-publish","4":"has-post-thumbnail","6":"product_cat-vina","7":"product_tag-kvalitetno-bijelo-vino","8":"product_shipping_class-fiksno","10":"first","11":"instock","12":"taxable","13":"shipping-taxable","14":"purchasable","15":"product-type-simple"},"_links":{"self":[{"href":"https:\/\/vuglec-breg.hr\/webshop\/wp-json\/wp\/v2\/product\/354","targetHints":{"allow":["GET"]}}],"collection":[{"href":"https:\/\/vuglec-breg.hr\/webshop\/wp-json\/wp\/v2\/product"}],"about":[{"href":"https:\/\/vuglec-breg.hr\/webshop\/wp-json\/wp\/v2\/types\/product"}],"wp:featuredmedia":[{"embeddable":true,"href":"https:\/\/vuglec-breg.hr\/webshop\/wp-json\/wp\/v2\/media\/1240"}],"wp:attachment":[{"href":"https:\/\/vuglec-breg.hr\/webshop\/wp-json\/wp\/v2\/media?parent=354"}],"wp:term":[{"taxonomy":"product_brand","embeddable":true,"href":"https:\/\/vuglec-breg.hr\/webshop\/wp-json\/wp\/v2\/product_brand?post=354"},{"taxonomy":"product_cat","embeddable":true,"href":"https:\/\/vuglec-breg.hr\/webshop\/wp-json\/wp\/v2\/product_cat?post=354"},{"taxonomy":"product_tag","embeddable":true,"href":"https:\/\/vuglec-breg.hr\/webshop\/wp-json\/wp\/v2\/product_tag?post=354"}],"curies":[{"name":"wp","href":"https:\/\/api.w.org\/{rel}","templated":true}]}}