{"id":377,"date":"2019-03-12T06:08:38","date_gmt":"2019-03-12T04:08:38","guid":{"rendered":"https:\/\/demo.accesspressthemes.com\/zigcy-lite\/demo-three\/?post_type=product&#038;p=377"},"modified":"2026-01-08T14:21:38","modified_gmt":"2026-01-08T12:21:38","slug":"zagorski-bregi","status":"publish","type":"product","link":"https:\/\/vuglec-breg.hr\/webshop\/product\/zagorski-bregi\/","title":{"rendered":"Zagorski bregi 2024. 0,75L"},"content":{"rendered":"<p>Boja niskog intenziteta, \u017euta sa slamnatom nijansom. Mirisi kru\u0161ke, zelenih jabuka uz blage tropske arome. Na nepcu je vrlo \u017eiva, pr\u0161tava svje\u017eina s vo\u0107nim aromama koje prate miris. Vino osvje\u017eava, razbu\u0111uje, uta\u017euje \u017ee\u0111. Ovo je pravo proljetno i ljetno vino. Vino za dru\u017eenje na suncu, za piknike i izlete za duge no\u0107ne fe\u0161te. Izrazito je pogodno za spravljanje tradicionalnih gemi\u0161ta. I u gemi\u0161tu i samo mo\u017ee pratiti laganiju hranu, perad s grila, fi\u0161-paprika\u0161, slatkovodnu ribu, tjesteninu s bijelim umacima od peradi. Ovo vino \u010duva dugu tradiciju Zagorja i pravi je predstavnik lokalne vinske kulture u kojoj je lagani bijeli blend zauzimao va\u017eno mjesto.<\/p>\n<p>Poslu\u017eiti na 8-10\u00b0C<\/p>\n<p>Berba 2023.<\/p>\n<p>Alk. 11 % vol.<\/p>\n<p>&nbsp;<\/p>\n","protected":false},"excerpt":{"rendered":"<p>* dostava za narud\u017ebe iznad 99,00\u20ac je besplatna za podru\u010dje cijele RH<\/p>\n<p>* PDV ura\u010dunat u cijenu<\/p>\n","protected":false},"featured_media":714,"template":"","meta":[],"product_brand":[],"product_cat":[36],"product_tag":[49],"class_list":{"0":"post-377","1":"product","2":"type-product","3":"status-publish","4":"has-post-thumbnail","6":"product_cat-vina","7":"product_tag-kvalitetno-bijelo-vino","8":"product_shipping_class-fiksno","10":"first","11":"instock","12":"taxable","13":"shipping-taxable","14":"purchasable","15":"product-type-simple"},"_links":{"self":[{"href":"https:\/\/vuglec-breg.hr\/webshop\/wp-json\/wp\/v2\/product\/377","targetHints":{"allow":["GET"]}}],"collection":[{"href":"https:\/\/vuglec-breg.hr\/webshop\/wp-json\/wp\/v2\/product"}],"about":[{"href":"https:\/\/vuglec-breg.hr\/webshop\/wp-json\/wp\/v2\/types\/product"}],"wp:featuredmedia":[{"embeddable":true,"href":"https:\/\/vuglec-breg.hr\/webshop\/wp-json\/wp\/v2\/media\/714"}],"wp:attachment":[{"href":"https:\/\/vuglec-breg.hr\/webshop\/wp-json\/wp\/v2\/media?parent=377"}],"wp:term":[{"taxonomy":"product_brand","embeddable":true,"href":"https:\/\/vuglec-breg.hr\/webshop\/wp-json\/wp\/v2\/product_brand?post=377"},{"taxonomy":"product_cat","embeddable":true,"href":"https:\/\/vuglec-breg.hr\/webshop\/wp-json\/wp\/v2\/product_cat?post=377"},{"taxonomy":"product_tag","embeddable":true,"href":"https:\/\/vuglec-breg.hr\/webshop\/wp-json\/wp\/v2\/product_tag?post=377"}],"curies":[{"name":"wp","href":"https:\/\/api.w.org\/{rel}","templated":true}]}}