{"id":379,"date":"2019-03-12T06:09:47","date_gmt":"2019-03-12T04:09:47","guid":{"rendered":"https:\/\/demo.accesspressthemes.com\/zigcy-lite\/demo-three\/?post_type=product&#038;p=379"},"modified":"2026-02-24T15:08:05","modified_gmt":"2026-02-24T13:08:05","slug":"pjenusac-rozalia","status":"publish","type":"product","link":"https:\/\/vuglec-breg.hr\/webshop\/product\/pjenusac-rozalia\/","title":{"rendered":"Rozalia extra brut 0,75L"},"content":{"rendered":"<p>Iznad blage ru\u017ei\u010daste boje s nijansom naran\u010daste, na povr\u0161ini se formira divna, meka pjena koja se u \u010da\u0161i zadr\u017eava, a koja i u ustima stvara mek i svilenkast osje\u0107aj. Miris se isti\u010de brusnicom i vrlo zrelim \u0161ipkom iza kojih su jagode i cvijet badema. Arome jagoda dominiraju u ustima uz meko\u0107u pjene i iznimnu strukturu radi koje se mo\u017ee dugo u\u017eivati i bez hrane. Sasvim nova se dimenzija dobije kada ga se kombinira s pa\u0161tetama od divlja\u010di, jagodama i slatkim acetom ili carpacciom od junetine. Posebna je preporuka da ovaj pjenu\u0161ac ku\u0161ate uz uskr\u0161nju \u0161unku.<\/p>\n<p>Poslu\u017eiti na 6-7 \u00b0C<\/p>\n<p>Alk. 12,5 % vol.<\/p>\n<p>&nbsp;<\/p>\n","protected":false},"excerpt":{"rendered":"<p>* dostava za narud\u017ebe iznad 99,00 \u20ac je besplatna za podru\u010dje cijele RH<\/p>\n<p>* PDV ura\u010dunat u cijenu<\/p>\n","protected":false},"featured_media":744,"template":"","meta":[],"product_brand":[],"product_cat":[36],"product_tag":[46],"class_list":{"0":"post-379","1":"product","2":"type-product","3":"status-publish","4":"has-post-thumbnail","6":"product_cat-vina","7":"product_tag-vrhunsko-pjenusavo-vino","8":"product_shipping_class-fiksno","10":"first","11":"instock","12":"taxable","13":"shipping-taxable","14":"purchasable","15":"product-type-simple"},"_links":{"self":[{"href":"https:\/\/vuglec-breg.hr\/webshop\/wp-json\/wp\/v2\/product\/379","targetHints":{"allow":["GET"]}}],"collection":[{"href":"https:\/\/vuglec-breg.hr\/webshop\/wp-json\/wp\/v2\/product"}],"about":[{"href":"https:\/\/vuglec-breg.hr\/webshop\/wp-json\/wp\/v2\/types\/product"}],"wp:featuredmedia":[{"embeddable":true,"href":"https:\/\/vuglec-breg.hr\/webshop\/wp-json\/wp\/v2\/media\/744"}],"wp:attachment":[{"href":"https:\/\/vuglec-breg.hr\/webshop\/wp-json\/wp\/v2\/media?parent=379"}],"wp:term":[{"taxonomy":"product_brand","embeddable":true,"href":"https:\/\/vuglec-breg.hr\/webshop\/wp-json\/wp\/v2\/product_brand?post=379"},{"taxonomy":"product_cat","embeddable":true,"href":"https:\/\/vuglec-breg.hr\/webshop\/wp-json\/wp\/v2\/product_cat?post=379"},{"taxonomy":"product_tag","embeddable":true,"href":"https:\/\/vuglec-breg.hr\/webshop\/wp-json\/wp\/v2\/product_tag?post=379"}],"curies":[{"name":"wp","href":"https:\/\/api.w.org\/{rel}","templated":true}]}}