{"id":924,"date":"2021-01-21T11:31:37","date_gmt":"2021-01-21T09:31:37","guid":{"rendered":"https:\/\/vuglec-breg.hr\/webshop\/?post_type=product&#038;p=924"},"modified":"2026-01-08T11:24:21","modified_gmt":"2026-01-08T09:24:21","slug":"zagorski-bregi-075l-x-12","status":"publish","type":"product","link":"https:\/\/vuglec-breg.hr\/webshop\/product\/zagorski-bregi-075l-x-12\/","title":{"rendered":"Zagorski Bregi 2024. 0,75L"},"content":{"rendered":"<p>Boja niskog intenziteta, \u017euta sa slamnatom nijansom. Mirisi kru\u0161ke, zelenih jabuka uz blage tropske arome. Na nepcu je vrlo \u017eiva, pr\u0161tava svje\u017eina s vo\u0107nim aromama koje prate miris. Vino osvje\u017eava, razbu\u0111uje, uta\u017euje \u017ee\u0111. Ovo je pravo proljetno i ljetno vino. Vino za dru\u017eenje na suncu, za piknike i izlete za duge no\u0107ne fe\u0161te. Izrazito je pogodno za spravljanje tradicionalnih gemi\u0161ta. I u gemi\u0161tu i samo mo\u017ee pratiti laganiju hranu, perad s grila, fi\u0161-paprika\u0161, slatkovodnu ribu, tjesteninu s bijelim umacima od peradi. Ovo vino \u010duva dugu tradiciju Zagorja i pravi je predstavnik lokalne vinske kulture u kojoj je lagani bijeli blend zauzimao va\u017eno mjesto.<\/p>\n<p>Poslu\u017eiti na 8-10\u00b0C<\/p>\n<p>Berba 2024.<\/p>\n<p>Alk. 11,0 % vol.<\/p>\n<p>&nbsp;<\/p>\n<p>&nbsp;<\/p>\n","protected":false},"excerpt":{"rendered":"<p>1 karton od 12 boca<\/p>\n","protected":false},"featured_media":1413,"template":"","meta":[],"product_brand":[],"product_cat":[70],"product_tag":[49],"class_list":{"0":"post-924","1":"product","2":"type-product","3":"status-publish","4":"has-post-thumbnail","6":"product_cat-vino_na_kartone","7":"product_tag-kvalitetno-bijelo-vino","8":"product_shipping_class-besplatno","10":"first","11":"instock","12":"sale","13":"taxable","14":"shipping-taxable","15":"purchasable","16":"product-type-simple"},"_links":{"self":[{"href":"https:\/\/vuglec-breg.hr\/webshop\/wp-json\/wp\/v2\/product\/924","targetHints":{"allow":["GET"]}}],"collection":[{"href":"https:\/\/vuglec-breg.hr\/webshop\/wp-json\/wp\/v2\/product"}],"about":[{"href":"https:\/\/vuglec-breg.hr\/webshop\/wp-json\/wp\/v2\/types\/product"}],"wp:featuredmedia":[{"embeddable":true,"href":"https:\/\/vuglec-breg.hr\/webshop\/wp-json\/wp\/v2\/media\/1413"}],"wp:attachment":[{"href":"https:\/\/vuglec-breg.hr\/webshop\/wp-json\/wp\/v2\/media?parent=924"}],"wp:term":[{"taxonomy":"product_brand","embeddable":true,"href":"https:\/\/vuglec-breg.hr\/webshop\/wp-json\/wp\/v2\/product_brand?post=924"},{"taxonomy":"product_cat","embeddable":true,"href":"https:\/\/vuglec-breg.hr\/webshop\/wp-json\/wp\/v2\/product_cat?post=924"},{"taxonomy":"product_tag","embeddable":true,"href":"https:\/\/vuglec-breg.hr\/webshop\/wp-json\/wp\/v2\/product_tag?post=924"}],"curies":[{"name":"wp","href":"https:\/\/api.w.org\/{rel}","templated":true}]}}