{"id":925,"date":"2021-01-21T11:36:43","date_gmt":"2021-01-21T09:36:43","guid":{"rendered":"https:\/\/vuglec-breg.hr\/webshop\/?post_type=product&#038;p=925"},"modified":"2026-02-24T15:07:07","modified_gmt":"2026-02-24T13:07:07","slug":"20-na-vuglec-extra-brut-075l-x-6","status":"publish","type":"product","link":"https:\/\/vuglec-breg.hr\/webshop\/product\/20-na-vuglec-extra-brut-075l-x-6\/","title":{"rendered":"Vuglec extra brut 0,75L"},"content":{"rendered":"<p>1 karton (6 boca) pjenu\u0161ca Vuglec extra brut 0,75L<\/p>\n<p>Iskri\u010dave, \u017eive boje ula\u0161tenog zlata s bogatim perlanjem. U mirisu se prve poka\u017eu kompleksne arome pe\u010denog brio\u0161a s maslacem i kandiranim vo\u0107em. Na drugom nosu slijede vo\u0107ne arome bijele breskve i mirabelle \u0161ljive uz koricu agruma i zaokru\u017eeno sa svijetlom karamelom. U ustima vrlo bogat, rasko\u0161ne kompleksnosti i aroma odle\u017eavanja. Ovaj stil pjenu\u0161aca ima duga\u010dak zavr\u0161etak i mo\u017ee se lijepo razviti u \u010da\u0161i. Dobro \u0107e pratiti kremaste sireve, ve\u0107inu hladnih predjela, ali i tradicionalne, doma\u0107e recepte od masnije svinjetine.<\/p>\n<p>Poslu\u017eiti na 6-7 \u00b0C<\/p>\n<p>Alk. 12,0\u00a0% vol<\/p>\n<p>&nbsp;<\/p>\n","protected":false},"excerpt":{"rendered":"<p>1 karton od 6 boca<\/p>\n","protected":false},"featured_media":1411,"template":"","meta":[],"product_brand":[],"product_cat":[70],"product_tag":[46],"class_list":{"0":"post-925","1":"product","2":"type-product","3":"status-publish","4":"has-post-thumbnail","6":"product_cat-vino_na_kartone","7":"product_tag-vrhunsko-pjenusavo-vino","8":"product_shipping_class-besplatno","10":"first","11":"instock","12":"taxable","13":"shipping-taxable","14":"purchasable","15":"product-type-simple"},"_links":{"self":[{"href":"https:\/\/vuglec-breg.hr\/webshop\/wp-json\/wp\/v2\/product\/925","targetHints":{"allow":["GET"]}}],"collection":[{"href":"https:\/\/vuglec-breg.hr\/webshop\/wp-json\/wp\/v2\/product"}],"about":[{"href":"https:\/\/vuglec-breg.hr\/webshop\/wp-json\/wp\/v2\/types\/product"}],"wp:featuredmedia":[{"embeddable":true,"href":"https:\/\/vuglec-breg.hr\/webshop\/wp-json\/wp\/v2\/media\/1411"}],"wp:attachment":[{"href":"https:\/\/vuglec-breg.hr\/webshop\/wp-json\/wp\/v2\/media?parent=925"}],"wp:term":[{"taxonomy":"product_brand","embeddable":true,"href":"https:\/\/vuglec-breg.hr\/webshop\/wp-json\/wp\/v2\/product_brand?post=925"},{"taxonomy":"product_cat","embeddable":true,"href":"https:\/\/vuglec-breg.hr\/webshop\/wp-json\/wp\/v2\/product_cat?post=925"},{"taxonomy":"product_tag","embeddable":true,"href":"https:\/\/vuglec-breg.hr\/webshop\/wp-json\/wp\/v2\/product_tag?post=925"}],"curies":[{"name":"wp","href":"https:\/\/api.w.org\/{rel}","templated":true}]}}