{"id":970,"date":"2021-05-27T11:10:11","date_gmt":"2021-05-27T09:10:11","guid":{"rendered":"https:\/\/vuglec-breg.hr\/webshop\/?post_type=product&#038;p=970"},"modified":"2026-02-24T15:06:42","modified_gmt":"2026-02-24T13:06:42","slug":"zagorski-bregi-crleni-1l","status":"publish","type":"product","link":"https:\/\/vuglec-breg.hr\/webshop\/product\/zagorski-bregi-crleni-1l\/","title":{"rendered":"Cuvee Ru\u017ea 2023, 0,75L"},"content":{"rendered":"<p>Prava vinska rubinska boja koja je po\u010dela razvijati prvu cinober nijansu. Na nosu je \u010disto i prvenstveno vo\u0107no. Mirisi podsje\u0107aju na borovnice, crne vi\u0161nje, a u pozadini je i lagana aroma kupine. Vino je umjerena tijela i njegova je privla\u010dnost u iznena\u0111uju\u0107e mekim taninima \u0161to ga uz ni\u017ee alkohole \u010dini vrlo pitkim. Ovakav sklad izme\u0111u aroma u ustima i mirisa na nosu obi\u010dno krasi vi\u0161u klasu vina. Odli\u010dan pratilac svakodnevne kuhinje, vino koje \u0107e pristajati uz mnoga mesna jela, mesne umake, crveno meso s ro\u0161tilja i svinjska pe\u010denja kao i tradicionalna jela od mljevenog mesa.<\/p>\n<p>Alk. 12,0 % vol.<\/p>\n<p>&nbsp;<\/p>\n<p>&nbsp;<\/p>\n","protected":false},"excerpt":{"rendered":"<p>* dostava za narud\u017ebe iznad 99,00 \u20ac je besplatna za podru\u010dje cijele RH<\/p>\n<p>* PDV ura\u010dunat u cijenu<\/p>\n","protected":false},"featured_media":1597,"template":"","meta":[],"product_brand":[],"product_cat":[36],"product_tag":[50],"class_list":{"0":"post-970","1":"product","2":"type-product","3":"status-publish","4":"has-post-thumbnail","6":"product_cat-vina","7":"product_tag-kvalitetno-crveno-vino","8":"product_shipping_class-fiksno","10":"first","11":"instock","12":"taxable","13":"shipping-taxable","14":"purchasable","15":"product-type-simple"},"_links":{"self":[{"href":"https:\/\/vuglec-breg.hr\/webshop\/wp-json\/wp\/v2\/product\/970","targetHints":{"allow":["GET"]}}],"collection":[{"href":"https:\/\/vuglec-breg.hr\/webshop\/wp-json\/wp\/v2\/product"}],"about":[{"href":"https:\/\/vuglec-breg.hr\/webshop\/wp-json\/wp\/v2\/types\/product"}],"wp:featuredmedia":[{"embeddable":true,"href":"https:\/\/vuglec-breg.hr\/webshop\/wp-json\/wp\/v2\/media\/1597"}],"wp:attachment":[{"href":"https:\/\/vuglec-breg.hr\/webshop\/wp-json\/wp\/v2\/media?parent=970"}],"wp:term":[{"taxonomy":"product_brand","embeddable":true,"href":"https:\/\/vuglec-breg.hr\/webshop\/wp-json\/wp\/v2\/product_brand?post=970"},{"taxonomy":"product_cat","embeddable":true,"href":"https:\/\/vuglec-breg.hr\/webshop\/wp-json\/wp\/v2\/product_cat?post=970"},{"taxonomy":"product_tag","embeddable":true,"href":"https:\/\/vuglec-breg.hr\/webshop\/wp-json\/wp\/v2\/product_tag?post=970"}],"curies":[{"name":"wp","href":"https:\/\/api.w.org\/{rel}","templated":true}]}}